{"id":556,"date":"2023-07-12T17:22:31","date_gmt":"2023-07-13T00:22:31","guid":{"rendered":"https:\/\/dev.niicoo.com\/rck3688vi\/?page_id=556"},"modified":"2025-02-06T16:04:00","modified_gmt":"2025-02-07T00:04:00","slug":"trang-chu","status":"publish","type":"page","link":"https:\/\/rck3688.com\/vi\/","title":{"rendered":"Trang ch\u1ee7"},"content":{"rendered":"\t\t<div data-elementor-type=\"wp-page\" data-elementor-id=\"556\" class=\"elementor elementor-556 elementor-30\" data-elementor-post-type=\"page\">\n\t\t\t\t\t\t<section class=\"elementor-section elementor-top-section elementor-element elementor-element-745474a7 elementor-section-full_width elementor-section-stretched elementor-section-height-default elementor-section-height-default\" data-id=\"745474a7\" data-element_type=\"section\" data-e-type=\"section\" data-settings=\"{&quot;stretch_section&quot;:&quot;section-stretched&quot;,&quot;background_background&quot;:&quot;classic&quot;}\">\n\t\t\t\t\t\t<div class=\"elementor-container elementor-column-gap-default\">\n\t\t\t\t\t<div class=\"elementor-column elementor-col-100 elementor-top-column elementor-element elementor-element-39427000\" data-id=\"39427000\" data-element_type=\"column\" data-e-type=\"column\">\n\t\t\t<div class=\"elementor-widget-wrap elementor-element-populated\">\n\t\t\t\t\t\t<div class=\"elementor-element elementor-element-51db029f elementor-widget elementor-widget-spacer\" data-id=\"51db029f\" data-element_type=\"widget\" data-e-type=\"widget\" data-widget_type=\"spacer.default\">\n\t\t\t\t<div class=\"elementor-widget-container\">\n\t\t\t\t\t\t\t<div class=\"elementor-spacer\">\n\t\t\t<div class=\"elementor-spacer-inner\"><\/div>\n\t\t<\/div>\n\t\t\t\t\t\t<\/div>\n\t\t\t\t<\/div>\n\t\t\t\t\t<\/div>\n\t\t<\/div>\n\t\t\t\t\t<\/div>\n\t\t<\/section>\n\t\t\t\t<section class=\"elementor-section elementor-top-section elementor-element elementor-element-5140e854 elementor-section-boxed elementor-section-height-default elementor-section-height-default\" data-id=\"5140e854\" data-element_type=\"section\" data-e-type=\"section\">\n\t\t\t\t\t\t<div class=\"elementor-container elementor-column-gap-default\">\n\t\t\t\t\t<div class=\"elementor-column elementor-col-100 elementor-top-column elementor-element elementor-element-1151dd93\" data-id=\"1151dd93\" data-element_type=\"column\" data-e-type=\"column\">\n\t\t\t<div class=\"elementor-widget-wrap elementor-element-populated\">\n\t\t\t\t\t\t<div class=\"elementor-element elementor-element-7b3bbd5d elementor-widget elementor-widget-text-editor\" data-id=\"7b3bbd5d\" data-element_type=\"widget\" data-e-type=\"widget\" data-widget_type=\"text-editor.default\">\n\t\t\t\t<div class=\"elementor-widget-container\">\n\t\t\t\t\t\t\t\t\t<p>\u1ee8c ch\u1ebf tr\u1ef1c ti\u1ebfp t\u1ebf b\u00e0o ung th\u01b0, thu nh\u1ecf kh\u1ed1i u, ng\u0103n ng\u1eeba t\u00e1i ph\u00e1t v\u00e0 di c\u0103n<br \/>Gi\u1ea3m thi\u1ec3u t\u00e1c d\u1ee5ng ph\u1ee5 do x\u1ea1 tr\u1ecb v\u00e0 h\u00f3a tr\u1ecb g\u00e2y ra, \u0111\u1ed3ng th\u1eddi t\u0103ng c\u01b0\u1eddng hi\u1ec7u qu\u1ea3 c\u1ee7a x\u1ea1 tr\u1ecb v\u00e0 h\u00f3a tr\u1ecb<br \/>T\u0103ng c\u01b0\u1eddng nhanh ch\u00f3ng ch\u1ee9c n\u0103ng mi\u1ec5n d\u1ecbch, n\u00e2ng cao ch\u1ea5t l\u01b0\u1ee3ng s\u1ed1ng<\/p>\t\t\t\t\t\t\t\t<\/div>\n\t\t\t\t<\/div>\n\t\t\t\t\t<\/div>\n\t\t<\/div>\n\t\t\t\t\t<\/div>\n\t\t<\/section>\n\t\t\t\t<section class=\"elementor-section elementor-top-section elementor-element elementor-element-6fb78f5e elementor-section-full_width elementor-section-stretched elementor-section-height-default elementor-section-height-default\" data-id=\"6fb78f5e\" data-element_type=\"section\" data-e-type=\"section\" data-settings=\"{&quot;stretch_section&quot;:&quot;section-stretched&quot;,&quot;background_background&quot;:&quot;classic&quot;}\">\n\t\t\t\t\t\t<div class=\"elementor-container elementor-column-gap-default\">\n\t\t\t\t\t<div class=\"elementor-column elementor-col-100 elementor-top-column elementor-element elementor-element-7e64caf4\" data-id=\"7e64caf4\" data-element_type=\"column\" data-e-type=\"column\">\n\t\t\t<div class=\"elementor-widget-wrap elementor-element-populated\">\n\t\t\t\t\t\t<div class=\"elementor-element elementor-element-714a67eb elementor-widget elementor-widget-heading\" data-id=\"714a67eb\" data-element_type=\"widget\" data-e-type=\"widget\" data-widget_type=\"heading.default\">\n\t\t\t\t<div class=\"elementor-widget-container\">\n\t\t\t\t\t<h2 class=\"elementor-heading-title elementor-size-default\">H\u1ed7 tr\u1ee3 mi\u1ec5n d\u1ecbch m\u1ea1nh m\u1ebd<\/h2>\t\t\t\t<\/div>\n\t\t\t\t<\/div>\n\t\t\t\t\t<\/div>\n\t\t<\/div>\n\t\t\t\t\t<\/div>\n\t\t<\/section>\n\t\t\t\t<section class=\"elementor-section elementor-top-section elementor-element elementor-element-686fa8c7 elementor-section-boxed elementor-section-height-default elementor-section-height-default\" data-id=\"686fa8c7\" data-element_type=\"section\" data-e-type=\"section\" data-settings=\"{&quot;background_background&quot;:&quot;classic&quot;}\">\n\t\t\t\t\t\t<div class=\"elementor-container elementor-column-gap-default\">\n\t\t\t\t\t<div class=\"elementor-column elementor-col-100 elementor-top-column elementor-element elementor-element-1b09abed\" data-id=\"1b09abed\" data-element_type=\"column\" data-e-type=\"column\">\n\t\t\t<div class=\"elementor-widget-wrap elementor-element-populated\">\n\t\t\t\t\t\t<section class=\"elementor-section elementor-inner-section elementor-element elementor-element-67f543f6 elementor-section-boxed elementor-section-height-default elementor-section-height-default\" data-id=\"67f543f6\" data-element_type=\"section\" data-e-type=\"section\">\n\t\t\t\t\t\t<div class=\"elementor-container elementor-column-gap-default\">\n\t\t\t\t\t<div class=\"elementor-column elementor-col-33 elementor-inner-column elementor-element elementor-element-2a710ef9\" data-id=\"2a710ef9\" data-element_type=\"column\" data-e-type=\"column\" data-settings=\"{&quot;background_background&quot;:&quot;classic&quot;}\">\n\t\t\t<div class=\"elementor-widget-wrap elementor-element-populated\">\n\t\t\t\t\t\t<div class=\"elementor-element elementor-element-60757ccd elementor-widget elementor-widget-heading\" data-id=\"60757ccd\" data-element_type=\"widget\" data-e-type=\"widget\" data-widget_type=\"heading.default\">\n\t\t\t\t<div class=\"elementor-widget-container\">\n\t\t\t\t\t<h2 class=\"elementor-heading-title elementor-size-default\">mua 10<br> h\u1ed9p t\u1eb7ng 1 h\u1ed9p<\/h2>\t\t\t\t<\/div>\n\t\t\t\t<\/div>\n\t\t\t\t\t<\/div>\n\t\t<\/div>\n\t\t\t\t<div class=\"elementor-column elementor-col-33 elementor-inner-column elementor-element elementor-element-7b3ec021\" data-id=\"7b3ec021\" data-element_type=\"column\" data-e-type=\"column\" data-settings=\"{&quot;background_background&quot;:&quot;classic&quot;}\">\n\t\t\t<div class=\"elementor-widget-wrap elementor-element-populated\">\n\t\t\t\t\t\t<div class=\"elementor-element elementor-element-e53b6f4 elementor-widget elementor-widget-heading\" data-id=\"e53b6f4\" data-element_type=\"widget\" data-e-type=\"widget\" data-widget_type=\"heading.default\">\n\t\t\t\t<div class=\"elementor-widget-container\">\n\t\t\t\t\t<h2 class=\"elementor-heading-title elementor-size-default\">mua 20<br> h\u1ed9p t\u1eb7ng 3 h\u1ed9p<\/h2>\t\t\t\t<\/div>\n\t\t\t\t<\/div>\n\t\t\t\t\t<\/div>\n\t\t<\/div>\n\t\t\t\t<div class=\"elementor-column elementor-col-33 elementor-inner-column elementor-element elementor-element-46c22297\" data-id=\"46c22297\" data-element_type=\"column\" data-e-type=\"column\" data-settings=\"{&quot;background_background&quot;:&quot;classic&quot;}\">\n\t\t\t<div class=\"elementor-widget-wrap elementor-element-populated\">\n\t\t\t\t\t\t<div class=\"elementor-element elementor-element-37ee6e00 elementor-widget elementor-widget-heading\" data-id=\"37ee6e00\" data-element_type=\"widget\" data-e-type=\"widget\" data-widget_type=\"heading.default\">\n\t\t\t\t<div class=\"elementor-widget-container\">\n\t\t\t\t\t<h2 class=\"elementor-heading-title elementor-size-default\">mua 30<br> h\u1ed9p t\u1eb7ng 6 h\u1ed9p<\/h2>\t\t\t\t<\/div>\n\t\t\t\t<\/div>\n\t\t\t\t\t<\/div>\n\t\t<\/div>\n\t\t\t\t\t<\/div>\n\t\t<\/section>\n\t\t\t\t<section class=\"elementor-section elementor-inner-section elementor-element elementor-element-31a21084 elementor-section-boxed elementor-section-height-default elementor-section-height-default\" data-id=\"31a21084\" data-element_type=\"section\" data-e-type=\"section\">\n\t\t\t\t\t\t<div class=\"elementor-container elementor-column-gap-default\">\n\t\t\t\t\t<div class=\"elementor-column elementor-col-50 elementor-inner-column elementor-element elementor-element-44501be5\" data-id=\"44501be5\" data-element_type=\"column\" data-e-type=\"column\">\n\t\t\t<div class=\"elementor-widget-wrap elementor-element-populated\">\n\t\t\t\t\t\t<div class=\"elementor-element elementor-element-7b3c72e8 elementor-widget elementor-widget-image\" data-id=\"7b3c72e8\" data-element_type=\"widget\" data-e-type=\"widget\" data-widget_type=\"image.default\">\n\t\t\t\t<div class=\"elementor-widget-container\">\n\t\t\t\t\t\t\t\t\t\t\t\t\t\t\t<img fetchpriority=\"high\" decoding=\"async\" width=\"800\" height=\"472\" src=\"https:\/\/rck3688.com\/wp-content\/uploads\/IMG_0824-Edit-2-2.jpg\" class=\"attachment-large size-large wp-image-469\" alt=\"\" srcset=\"https:\/\/rck3688.com\/wp-content\/uploads\/IMG_0824-Edit-2-2.jpg 1372w, https:\/\/rck3688.com\/wp-content\/uploads\/IMG_0824-Edit-2-2-900x531.jpg 900w, https:\/\/rck3688.com\/wp-content\/uploads\/IMG_0824-Edit-2-2-300x177.jpg 300w, https:\/\/rck3688.com\/wp-content\/uploads\/IMG_0824-Edit-2-2-768x453.jpg 768w, https:\/\/rck3688.com\/wp-content\/uploads\/IMG_0824-Edit-2-2-600x354.jpg 600w\" sizes=\"(max-width: 800px) 100vw, 800px\" \/>\t\t\t\t\t\t\t\t\t\t\t\t\t\t\t<\/div>\n\t\t\t\t<\/div>\n\t\t\t\t\t<\/div>\n\t\t<\/div>\n\t\t\t\t<div class=\"elementor-column elementor-col-50 elementor-inner-column elementor-element elementor-element-397ba5c\" data-id=\"397ba5c\" data-element_type=\"column\" data-e-type=\"column\">\n\t\t\t<div class=\"elementor-widget-wrap elementor-element-populated\">\n\t\t\t\t\t\t<div class=\"woocommerce elementor-element elementor-element-f07c439 elementor-grid-1 elementor-grid-tablet-2 elementor-grid-mobile-1 elementor-widget elementor-widget-loop-grid\" data-id=\"f07c439\" data-element_type=\"widget\" data-e-type=\"widget\" data-settings=\"{&quot;_skin&quot;:&quot;product&quot;,&quot;template_id&quot;:873,&quot;columns&quot;:1,&quot;columns_tablet&quot;:&quot;2&quot;,&quot;columns_mobile&quot;:&quot;1&quot;,&quot;edit_handle_selector&quot;:&quot;[data-elementor-type=\\&quot;loop-item\\&quot;]&quot;,&quot;row_gap&quot;:{&quot;unit&quot;:&quot;px&quot;,&quot;size&quot;:&quot;&quot;,&quot;sizes&quot;:[]},&quot;row_gap_tablet&quot;:{&quot;unit&quot;:&quot;px&quot;,&quot;size&quot;:&quot;&quot;,&quot;sizes&quot;:[]},&quot;row_gap_mobile&quot;:{&quot;unit&quot;:&quot;px&quot;,&quot;size&quot;:&quot;&quot;,&quot;sizes&quot;:[]}}\" data-widget_type=\"loop-grid.product\">\n\t\t\t\t<div class=\"elementor-widget-container\">\n\t\t\t\t\t\t\t<div class=\"elementor-loop-container elementor-grid\">\n\t\t<style id=\"loop-873\">.elementor-873 .elementor-element.elementor-element-48be5c1 .elementor-heading-title{font-size:18px;line-height:60px;}.elementor-873 .elementor-element.elementor-element-48be5c1 > .elementor-widget-container{padding:0px 10px 0px 0px;}.elementor-873 .elementor-element.elementor-element-48be5c1{width:auto;max-width:auto;align-self:center;}.woocommerce .elementor-873 .elementor-element.elementor-element-a74a872 .price{font-family:\"Roboto\", Sans-serif;font-size:32px;font-weight:500;line-height:60px;}.elementor-873 .elementor-element.elementor-element-a74a872{width:auto;max-width:auto;align-self:center;}.elementor-873 .elementor-element.elementor-element-b2689a4 .elementor-heading-title{font-size:18px;line-height:60px;}.elementor-873 .elementor-element.elementor-element-b2689a4 > .elementor-widget-container{padding:0px 10px 0px 20px;}.elementor-873 .elementor-element.elementor-element-b2689a4{width:auto;max-width:auto;align-self:center;}.elementor-873 .elementor-element.elementor-element-4ef55ee .cart button, .elementor-873 .elementor-element.elementor-element-4ef55ee .cart .button{font-size:22px;font-weight:500;text-transform:uppercase;line-height:1.6em;border-radius:10px 10px 10px 10px;padding:10px 60px 10px 60px;color:var( --e-global-color-2d64a63 );background-color:var( --e-global-color-primary );border-color:var( --e-global-color-primary );transition:all 0.2s;}.elementor-873 .elementor-element.elementor-element-4ef55ee .cart button:hover, .elementor-873 .elementor-element.elementor-element-4ef55ee .cart .button:hover{color:var( --e-global-color-2d64a63 );background-color:var( --e-global-color-secondary );}.elementor-873 .elementor-element.elementor-element-4ef55ee .quantity .qty{transition:all 0.2s;}.elementor-873 .elementor-element.elementor-element-4ef55ee > .elementor-widget-container{margin:40px 0px 0px 0px;}\/* Start custom CSS for woocommerce-product-add-to-cart, class: .elementor-element-4ef55ee *\/.homeQuantity .quantity .qty {\n    width: 10em !important;\n    font-size: 22px !important;\n}\/* End custom CSS *\/<\/style>\t\t<div data-elementor-type=\"loop-item\" data-elementor-id=\"873\" class=\"elementor elementor-873 elementor-810 elementor-810 e-loop-item e-loop-item-574 post-574 product type-product status-publish has-post-thumbnail first instock taxable shipping-taxable purchasable product-type-simple\" data-elementor-post-type=\"elementor_library\" data-custom-edit-handle=\"1\">\n\t\t\t\t\t<section class=\"elementor-section elementor-top-section elementor-element elementor-element-642956f elementor-section-boxed elementor-section-height-default elementor-section-height-default\" data-id=\"642956f\" data-element_type=\"section\" data-e-type=\"section\">\n\t\t\t\t\t\t<div class=\"elementor-container elementor-column-gap-default\">\n\t\t\t\t\t<div class=\"elementor-column elementor-col-100 elementor-top-column elementor-element elementor-element-119af30\" data-id=\"119af30\" data-element_type=\"column\" data-e-type=\"column\">\n\t\t\t<div class=\"elementor-widget-wrap elementor-element-populated\">\n\t\t\t\t\t\t<div class=\"elementor-element elementor-element-11ea5be elementor-widget elementor-widget-woocommerce-product-title elementor-page-title elementor-widget-heading\" data-id=\"11ea5be\" data-element_type=\"widget\" data-e-type=\"widget\" data-widget_type=\"woocommerce-product-title.default\">\n\t\t\t\t<div class=\"elementor-widget-container\">\n\t\t\t\t\t<h3 class=\"product_title entry-title elementor-heading-title elementor-size-default\">C Ganoderma Lucidum Essence<\/h3>\t\t\t\t<\/div>\n\t\t\t\t<\/div>\n\t\t\t\t<div class=\"elementor-element elementor-element-48be5c1 elementor-widget__width-auto elementor-widget elementor-widget-heading\" data-id=\"48be5c1\" data-element_type=\"widget\" data-e-type=\"widget\" data-widget_type=\"heading.default\">\n\t\t\t\t<div class=\"elementor-widget-container\">\n\t\t\t\t\t<p class=\"elementor-heading-title elementor-size-default\">USD<\/p>\t\t\t\t<\/div>\n\t\t\t\t<\/div>\n\t\t\t\t<div class=\"elementor-element elementor-element-a74a872 elementor-widget__width-auto elementor-widget elementor-widget-woocommerce-product-price\" data-id=\"a74a872\" data-element_type=\"widget\" data-e-type=\"widget\" data-widget_type=\"woocommerce-product-price.default\">\n\t\t\t\t<div class=\"elementor-widget-container\">\n\t\t\t\t\t<p class=\"price\"><span class=\"woocommerce-Price-amount amount\"><bdi><span class=\"woocommerce-Price-currencySymbol\">&#36;<\/span>180.00<\/bdi><\/span><\/p>\n\t\t\t\t<\/div>\n\t\t\t\t<\/div>\n\t\t\t\t<div class=\"elementor-element elementor-element-b2689a4 elementor-widget__width-auto elementor-widget elementor-widget-heading\" data-id=\"b2689a4\" data-element_type=\"widget\" data-e-type=\"widget\" data-widget_type=\"heading.default\">\n\t\t\t\t<div class=\"elementor-widget-container\">\n\t\t\t\t\t<p class=\"elementor-heading-title elementor-size-default\"> \/m\u1ed7i<\/p>\t\t\t\t<\/div>\n\t\t\t\t<\/div>\n\t\t\t\t<div class=\"elementor-element elementor-element-4ef55ee elementor-add-to-cart--layout-stacked elementor-add-to-cart--align-left homeQuantity e-add-to-cart--show-quantity-yes elementor-widget elementor-widget-woocommerce-product-add-to-cart\" data-id=\"4ef55ee\" data-element_type=\"widget\" data-e-type=\"widget\" data-widget_type=\"woocommerce-product-add-to-cart.default\">\n\t\t\t\t<div class=\"elementor-widget-container\">\n\t\t\t\t\t\n\t\t<div class=\"elementor-add-to-cart elementor-product-simple\">\n\t\t\t\t\t<div class=\"e-loop-add-to-cart-form-container\">\n\t\t\t<form class=\"cart e-loop-add-to-cart-form\">\n\t\t\t\t\t\t<div class=\"e-atc-qty-button-holder\">\n\t\t<div class=\"quantity\">\n\t\t<label class=\"screen-reader-text\" for=\"quantity_69d0c8d039278\">C Ganoderma Lucidum Essence quantity<\/label>\n\t<input\n\t\ttype=\"number\"\n\t\t\t\tid=\"quantity_69d0c8d039278\"\n\t\tclass=\"input-text qty text wcmmq-qty-input-box\"\n\t\tname=\"quantity\"\n\t\tvalue=\"3\"\n\t\taria-label=\"Product quantity\"\n\t\t\t\tmin=\"3\"\n\t\t\t\t\t\t\tstep=\"1\"\n\t\t\tplaceholder=\"\"\n\t\t\tinputmode=\"numeric\"\n\t\t\tautocomplete=\"off\"\n\t\t\t\/>\n\t<\/div>\n<a href=\"\/vi\/wp-json\/wp\/v2\/pages\/556?add-to-cart=574\" aria-describedby=\"woocommerce_loop_add_to_cart_link_describedby_574\" data-quantity=\"3\" class=\"button product_type_simple add_to_cart_button ajax_add_to_cart\" data-product_id=\"574\" data-product_sku=\"CGLE\" aria-label=\"Add to cart: &ldquo;C Ganoderma Lucidum Essence&rdquo;\" rel=\"nofollow\" data-success_message=\"&ldquo;C Ganoderma Lucidum Essence&rdquo; has been added to your cart\" title=\"Minimum qty is 3\" role=\"button\">Th\u00eam v\u00e0o gi\u1ecf h\u00e0ng<\/a>\t<span id=\"woocommerce_loop_add_to_cart_link_describedby_574\" class=\"screen-reader-text\">\n\t\t\t<\/span>\n\t\t<\/div>\n\t\t\t\t\t<\/form>\n\t\t<\/div>\n\t\t\t\t<\/div>\n\n\t\t\t\t\t\t<\/div>\n\t\t\t\t<\/div>\n\t\t\t\t\t<\/div>\n\t\t<\/div>\n\t\t\t\t\t<\/div>\n\t\t<\/section>\n\t\t\t\t<\/div>\n\t\t\t\t<\/div>\n\t\t\n\t\t\t\t\t\t<\/div>\n\t\t\t\t<\/div>\n\t\t\t\t\t<\/div>\n\t\t<\/div>\n\t\t\t\t\t<\/div>\n\t\t<\/section>\n\t\t\t\t\t<\/div>\n\t\t<\/div>\n\t\t\t\t\t<\/div>\n\t\t<\/section>\n\t\t\t\t<section class=\"elementor-section elementor-top-section elementor-element elementor-element-a91836d elementor-section-boxed elementor-section-height-default elementor-section-height-default\" data-id=\"a91836d\" data-element_type=\"section\" data-e-type=\"section\">\n\t\t\t\t\t\t<div class=\"elementor-container elementor-column-gap-default\">\n\t\t\t\t\t<div class=\"elementor-column elementor-col-100 elementor-top-column elementor-element elementor-element-94167d2\" data-id=\"94167d2\" data-element_type=\"column\" data-e-type=\"column\">\n\t\t\t<div class=\"elementor-widget-wrap elementor-element-populated\">\n\t\t\t\t\t\t<div class=\"elementor-element elementor-element-14010f36 elementor-widget__width-auto elementor-widget elementor-widget-heading\" data-id=\"14010f36\" data-element_type=\"widget\" data-e-type=\"widget\" data-widget_type=\"heading.default\">\n\t\t\t\t<div class=\"elementor-widget-container\">\n\t\t\t\t\t<h4 class=\"elementor-heading-title elementor-size-default\"><a href=\"https:\/\/www.ncbi.nlm.nih.gov\/books\/NBK92757\/\" target=\"_blank\" rel=\"noopener noreferrer nofollow\">Xem ki\u1ebfn th\u1ee9c li\u00ean quan \u0111\u1ebfn Ganoderma v\u00e0 kh\u1ed1i u t\u1ea1i Th\u01b0 vi\u1ec7n Y khoa qu\u1ed1c gia Hoa K\u1ef3.<\/a><\/h4>\t\t\t\t<\/div>\n\t\t\t\t<\/div>\n\t\t\t\t\t<\/div>\n\t\t<\/div>\n\t\t\t\t\t<\/div>\n\t\t<\/section>\n\t\t\t\t<\/div>\n\t\t","protected":false},"excerpt":{"rendered":"<p>\u1ee8c ch\u1ebf tr\u1ef1c ti\u1ebfp t\u1ebf b\u00e0o ung th\u01b0, thu nh\u1ecf kh\u1ed1i u, ng\u0103n ng\u1eeba t\u00e1i ph\u00e1t v\u00e0 di c\u0103nGi\u1ea3m thi\u1ec3u t\u00e1c d\u1ee5ng ph\u1ee5 do x\u1ea1 tr\u1ecb v\u00e0 h\u00f3a tr\u1ecb g\u00e2y ra, \u0111\u1ed3ng th\u1eddi t\u0103ng c\u01b0\u1eddng hi\u1ec7u qu\u1ea3 c\u1ee7a x\u1ea1 tr\u1ecb v\u00e0 h\u00f3a tr\u1ecbT\u0103ng c\u01b0\u1eddng nhanh ch\u00f3ng ch\u1ee9c n\u0103ng mi\u1ec5n d\u1ecbch, n\u00e2ng cao ch\u1ea5t l\u01b0\u1ee3ng s\u1ed1ng [&hellip;]<\/p>\n","protected":false},"author":1,"featured_media":0,"parent":0,"menu_order":0,"comment_status":"closed","ping_status":"closed","template":"","meta":{"om_disable_all_campaigns":false,"footnotes":""},"class_list":["post-556","page","type-page","status-publish","hentry"],"aioseo_notices":[],"_links":{"self":[{"href":"https:\/\/rck3688.com\/vi\/wp-json\/wp\/v2\/pages\/556","targetHints":{"allow":["GET"]}}],"collection":[{"href":"https:\/\/rck3688.com\/vi\/wp-json\/wp\/v2\/pages"}],"about":[{"href":"https:\/\/rck3688.com\/vi\/wp-json\/wp\/v2\/types\/page"}],"author":[{"embeddable":true,"href":"https:\/\/rck3688.com\/vi\/wp-json\/wp\/v2\/users\/1"}],"replies":[{"embeddable":true,"href":"https:\/\/rck3688.com\/vi\/wp-json\/wp\/v2\/comments?post=556"}],"version-history":[{"count":10,"href":"https:\/\/rck3688.com\/vi\/wp-json\/wp\/v2\/pages\/556\/revisions"}],"predecessor-version":[{"id":1446,"href":"https:\/\/rck3688.com\/vi\/wp-json\/wp\/v2\/pages\/556\/revisions\/1446"}],"wp:attachment":[{"href":"https:\/\/rck3688.com\/vi\/wp-json\/wp\/v2\/media?parent=556"}],"curies":[{"name":"wp","href":"https:\/\/api.w.org\/{rel}","templated":true}]}}