{"id":623,"date":"2023-07-12T22:18:39","date_gmt":"2023-07-13T05:18:39","guid":{"rendered":"https:\/\/dev.niicoo.com\/rck3688vi\/?page_id=623"},"modified":"2024-11-18T16:37:58","modified_gmt":"2024-11-19T00:37:58","slug":"chinh-sach-bao-mat","status":"publish","type":"page","link":"https:\/\/rck3688.com\/vi\/chinh-sach-bao-mat\/","title":{"rendered":"Ch\u00ednh s\u00e1ch b\u1ea3o m\u1eadt"},"content":{"rendered":"<p>Ch\u00ednh s\u00e1ch b\u1ea3o m\u1eadt n\u00e0y gi\u1ea3i th\u00edch c\u00e1ch RCK INT&#8217;L INC (&#8220;ch\u00fang t\u00f4i&#8221;, &#8220;c\u1ee7a ch\u00fang t\u00f4i&#8221;) thu th\u1eadp, s\u1eed d\u1ee5ng, chia s\u1ebb v\u00e0 b\u1ea3o v\u1ec7 th\u00f4ng tin c\u00e1 nh\u00e2n thu \u0111\u01b0\u1ee3c t\u1eeb ng\u01b0\u1eddi d\u00f9ng (&#8220;b\u1ea1n&#8221; ho\u1eb7c &#8220;ng\u01b0\u1eddi d\u00f9ng&#8221;) c\u1ee7a trang web th\u01b0\u01a1ng m\u1ea1i \u0111i\u1ec7n t\u1eed c\u1ee7a ch\u00fang t\u00f4i (&#8220;Trang web&#8221;). B\u1ea3o v\u1ec7 quy\u1ec1n ri\u00eang t\u01b0 c\u1ee7a b\u1ea1n v\u00e0 \u0111\u1ea3m b\u1ea3o an to\u00e0n cho th\u00f4ng tin c\u00e1 nh\u00e2n c\u1ee7a b\u1ea1n l\u00e0 \u01b0u ti\u00ean h\u00e0ng \u0111\u1ea7u c\u1ee7a ch\u00fang t\u00f4i. B\u1eb1ng c\u00e1ch s\u1eed d\u1ee5ng Trang web c\u1ee7a ch\u00fang t\u00f4i, b\u1ea1n \u0111\u1ed3ng \u00fd v\u1edbi c\u00e1c ho\u1ea1t \u0111\u1ed9ng \u0111\u01b0\u1ee3c m\u00f4 t\u1ea3 trong Ch\u00ednh s\u00e1ch b\u1ea3o m\u1eadt n\u00e0y.<\/p>\n<ol>\n<li>Th\u00f4ng tin ch\u00fang t\u00f4i thu th\u1eadp: Ch\u00fang t\u00f4i c\u00f3 th\u1ec3 thu th\u1eadp c\u00e1c lo\u1ea1i th\u00f4ng tin c\u00e1 nh\u00e2n sau khi b\u1ea1n truy c\u1eadp ho\u1eb7c t\u01b0\u01a1ng t\u00e1c v\u1edbi Trang web c\u1ee7a ch\u00fang t\u00f4i:\n<ul>\n<li>Th\u00f4ng tin li\u00ean h\u1ec7: T\u00ean, \u0111\u1ecba ch\u1ec9 email, s\u1ed1 \u0111i\u1ec7n tho\u1ea1i v\u00e0 \u0111\u1ecba ch\u1ec9 giao h\u00e0ng.<\/li>\n<li>Th\u00f4ng tin thanh to\u00e1n: Chi ti\u1ebft th\u1ebb t\u00edn d\u1ee5ng, \u0111\u1ecba ch\u1ec9 thanh to\u00e1n v\u00e0 c\u00e1c th\u00f4ng tin li\u00ean quan \u0111\u1ebfn thanh to\u00e1n kh\u00e1c.<\/li>\n<li>Th\u00f4ng tin t\u00e0i kho\u1ea3n: T\u00ean ng\u01b0\u1eddi d\u00f9ng, m\u1eadt kh\u1ea9u v\u00e0 t\u00f9y ch\u1ecdn.<\/li>\n<li>Th\u00f4ng tin \u0111\u01a1n h\u00e0ng: Chi ti\u1ebft v\u1ec1 c\u00e1c giao d\u1ecbch mua c\u1ee7a b\u1ea1n, bao g\u1ed3m s\u1ea3n ph\u1ea9m, s\u1ed1 l\u01b0\u1ee3ng v\u00e0 l\u1ecbch s\u1eed \u0111\u01a1n h\u00e0ng.<\/li>\n<li>Truy\u1ec1n th\u00f4ng: B\u1ea5t k\u1ef3 th\u00f4ng tin n\u00e0o b\u1ea1n cung c\u1ea5p khi li\u00ean h\u1ec7 v\u1edbi b\u1ed9 ph\u1eadn h\u1ed7 tr\u1ee3 kh\u00e1ch h\u00e0ng c\u1ee7a ch\u00fang t\u00f4i ho\u1eb7c th\u00f4ng qua c\u00e1c k\u00eanh truy\u1ec1n th\u00f4ng kh\u00e1c.<\/li>\n<\/ul>\n<\/li>\n<li>S\u1eed d\u1ee5ng th\u00f4ng tin c\u00e1 nh\u00e2n: Ch\u00fang t\u00f4i c\u00f3 th\u1ec3 s\u1eed d\u1ee5ng th\u00f4ng tin c\u00e1 nh\u00e2n c\u1ee7a b\u1ea1n cho c\u00e1c m\u1ee5c \u0111\u00edch sau:\n<ul>\n<li>X\u1eed l\u00fd v\u00e0 th\u1ef1c hi\u1ec7n \u0111\u01a1n h\u00e0ng c\u1ee7a b\u1ea1n.<\/li>\n<li>Cung c\u1ea5p h\u1ed7 tr\u1ee3 kh\u00e1ch h\u00e0ng v\u00e0 tr\u1ea3 l\u1eddi c\u00e1c y\u00eau c\u1ea7u.<\/li>\n<li>G\u1eedi x\u00e1c nh\u1eadn \u0111\u01a1n h\u00e0ng, th\u00f4ng b\u00e1o giao h\u00e0ng v\u00e0 c\u00e1c th\u00f4ng tin li\u00ean l\u1ea1c li\u00ean quan \u0111\u1ebfn giao d\u1ecbch kh\u00e1c.<\/li>\n<li>C\u00e1 nh\u00e2n h\u00f3a tr\u1ea3i nghi\u1ec7m c\u1ee7a b\u1ea1n tr\u00ean Trang web c\u1ee7a ch\u00fang t\u00f4i.<\/li>\n<li>Ph\u00e2n t\u00edch v\u00e0 c\u1ea3i thi\u1ec7n c\u00e1c s\u1ea3n ph\u1ea9m, d\u1ecbch v\u1ee5 v\u00e0 ch\u1ee9c n\u0103ng Trang web c\u1ee7a ch\u00fang t\u00f4i.<\/li>\n<li>M\u1ee5c \u0111\u00edch ti\u1ebfp th\u1ecb v\u00e0 qu\u1ea3ng c\u00e1o, v\u1edbi s\u1ef1 \u0111\u1ed3ng \u00fd c\u1ee7a b\u1ea1n.<\/li>\n<\/ul>\n<\/li>\n<li>Chia s\u1ebb th\u00f4ng tin: Ch\u00fang t\u00f4i kh\u00f4ng b\u00e1n ho\u1eb7c cho thu\u00ea th\u00f4ng tin c\u00e1 nh\u00e2n c\u1ee7a b\u1ea1n cho b\u00ean th\u1ee9 ba v\u00ec m\u1ee5c \u0111\u00edch ti\u1ebfp th\u1ecb c\u1ee7a h\u1ecd. Tuy nhi\u00ean, ch\u00fang t\u00f4i c\u00f3 th\u1ec3 chia s\u1ebb th\u00f4ng tin c\u1ee7a b\u1ea1n trong c\u00e1c tr\u01b0\u1eddng h\u1ee3p sau:\n<ul>\n<li>Nh\u00e0 cung c\u1ea5p d\u1ecbch v\u1ee5: Ch\u00fang t\u00f4i c\u00f3 th\u1ec3 ti\u1ebft l\u1ed9 th\u00f4ng tin c\u1ee7a b\u1ea1n cho c\u00e1c nh\u00e0 cung c\u1ea5p d\u1ecbch v\u1ee5 b\u00ean th\u1ee9 ba h\u1ed7 tr\u1ee3 ch\u00fang t\u00f4i v\u1eadn h\u00e0nh Trang web, x\u1eed l\u00fd thanh to\u00e1n v\u00e0 giao s\u1ea3n ph\u1ea9m.<\/li>\n<li>Tu\u00e2n th\u1ee7 ph\u00e1p lu\u1eadt: Ch\u00fang t\u00f4i c\u00f3 th\u1ec3 chia s\u1ebb th\u00f4ng tin c\u1ee7a b\u1ea1n \u0111\u1ec3 tu\u00e2n th\u1ee7 lu\u1eadt ph\u00e1p, quy \u0111\u1ecbnh ho\u1eb7c quy tr\u00ecnh ph\u00e1p l\u00fd hi\u1ec7n h\u00e0nh.<\/li>\n<li>Chuy\u1ec3n nh\u01b0\u1ee3ng doanh nghi\u1ec7p: Trong tr\u01b0\u1eddng h\u1ee3p s\u00e1p nh\u1eadp, mua l\u1ea1i ho\u1eb7c b\u00e1n doanh nghi\u1ec7p c\u1ee7a ch\u00fang t\u00f4i, th\u00f4ng tin c\u00e1 nh\u00e2n c\u1ee7a b\u1ea1n c\u00f3 th\u1ec3 \u0111\u01b0\u1ee3c chuy\u1ec3n cho \u0111\u01a1n v\u1ecb mua l\u1ea1i.<\/li>\n<li>S\u1ef1 \u0111\u1ed3ng \u00fd: Ch\u00fang t\u00f4i c\u00f3 th\u1ec3 chia s\u1ebb th\u00f4ng tin c\u1ee7a b\u1ea1n v\u1edbi s\u1ef1 \u0111\u1ed3ng \u00fd c\u1ee7a b\u1ea1n ho\u1eb7c theo c\u00e1ch kh\u00e1c \u0111\u01b0\u1ee3c ti\u1ebft l\u1ed9 t\u1ea1i th\u1eddi \u0111i\u1ec3m thu th\u1eadp.<\/li>\n<\/ul>\n<\/li>\n<li>B\u1ea3o m\u1eadt d\u1eef li\u1ec7u: Ch\u00fang t\u00f4i s\u1eed d\u1ee5ng c\u00e1c bi\u1ec7n ph\u00e1p b\u1ea3o m\u1eadt h\u1ee3p l\u00fd \u0111\u1ec3 b\u1ea3o v\u1ec7 th\u00f4ng tin c\u00e1 nh\u00e2n c\u1ee7a b\u1ea1n kh\u1ecfi vi\u1ec7c truy c\u1eadp, thay \u0111\u1ed5i, ti\u1ebft l\u1ed9 ho\u1eb7c ph\u00e1 h\u1ee7y tr\u00e1i ph\u00e9p. Tuy nhi\u00ean, xin l\u01b0u \u00fd r\u1eb1ng kh\u00f4ng c\u00f3 ph\u01b0\u01a1ng ph\u00e1p truy\u1ec1n n\u00e0o qua internet ho\u1eb7c l\u01b0u tr\u1eef \u0111i\u1ec7n t\u1eed l\u00e0 ho\u00e0n to\u00e0n an to\u00e0n v\u00e0 ch\u00fang t\u00f4i kh\u00f4ng th\u1ec3 \u0111\u1ea3m b\u1ea3o an to\u00e0n tuy\u1ec7t \u0111\u1ed1i.<\/li>\n<li>Cookie v\u00e0 C\u00f4ng ngh\u1ec7 theo d\u00f5i: Ch\u00fang t\u00f4i c\u00f3 th\u1ec3 s\u1eed d\u1ee5ng cookie v\u00e0 c\u00e1c c\u00f4ng ngh\u1ec7 theo d\u00f5i t\u01b0\u01a1ng t\u1ef1 \u0111\u1ec3 n\u00e2ng cao tr\u1ea3i nghi\u1ec7m duy\u1ec7t web c\u1ee7a b\u1ea1n v\u00e0 thu th\u1eadp th\u00f4ng tin v\u1ec1 c\u00e1ch b\u1ea1n s\u1eed d\u1ee5ng Trang web c\u1ee7a ch\u00fang t\u00f4i. B\u1ea1n c\u00f3 t\u00f9y ch\u1ecdn t\u1eaft cookie th\u00f4ng qua c\u00e0i \u0111\u1eb7t tr\u00ecnh duy\u1ec7t c\u1ee7a m\u00ecnh, nh\u01b0ng \u0111i\u1ec1u n\u00e0y c\u00f3 th\u1ec3 \u1ea3nh h\u01b0\u1edfng \u0111\u1ebfn kh\u1ea3 n\u0103ng s\u1eed d\u1ee5ng m\u1ed9t s\u1ed1 t\u00ednh n\u0103ng nh\u1ea5t \u0111\u1ecbnh c\u1ee7a Trang web c\u1ee7a ch\u00fang t\u00f4i.<\/li>\n<li>Quy\u1ec1n ri\u00eang t\u01b0 c\u1ee7a tr\u1ebb em: Trang web c\u1ee7a ch\u00fang t\u00f4i kh\u00f4ng d\u00e0nh cho tr\u1ebb em d\u01b0\u1edbi 13 tu\u1ed5i. Ch\u00fang t\u00f4i kh\u00f4ng c\u1ed1 \u00fd thu th\u1eadp th\u00f4ng tin c\u00e1 nh\u00e2n t\u1eeb tr\u1ebb em. N\u1ebfu b\u1ea1n l\u00e0 cha m\u1eb9 ho\u1eb7c ng\u01b0\u1eddi gi\u00e1m h\u1ed9 v\u00e0 tin r\u1eb1ng con b\u1ea1n \u0111\u00e3 cung c\u1ea5p th\u00f4ng tin c\u00e1 nh\u00e2n cho ch\u00fang t\u00f4i, vui l\u00f2ng li\u00ean h\u1ec7 v\u1edbi ch\u00fang t\u00f4i v\u00e0 ch\u00fang t\u00f4i s\u1ebd x\u00f3a th\u00f4ng tin \u0111\u00f3 ngay l\u1eadp t\u1ee9c.<\/li>\n<li>Li\u00ean k\u1ebft c\u1ee7a b\u00ean th\u1ee9 ba: Trang web c\u1ee7a ch\u00fang t\u00f4i c\u00f3 th\u1ec3 ch\u1ee9a c\u00e1c li\u00ean k\u1ebft \u0111\u1ebfn c\u00e1c trang web ho\u1eb7c d\u1ecbch v\u1ee5 c\u1ee7a b\u00ean th\u1ee9 ba. Ch\u00fang t\u00f4i kh\u00f4ng ch\u1ecbu tr\u00e1ch nhi\u1ec7m v\u1ec1 c\u00e1c ho\u1ea1t \u0111\u1ed9ng b\u1ea3o m\u1eadt ho\u1eb7c n\u1ed9i dung c\u1ee7a c\u00e1c trang web \u0111\u00f3. Ch\u00fang t\u00f4i khuy\u1ebfn kh\u00edch b\u1ea1n xem l\u1ea1i ch\u00ednh s\u00e1ch b\u1ea3o m\u1eadt c\u1ee7a b\u1ea5t k\u1ef3 trang web c\u1ee7a b\u00ean th\u1ee9 ba n\u00e0o m\u00e0 b\u1ea1n truy c\u1eadp.<\/li>\n<li>C\u1eadp nh\u1eadt Ch\u00ednh s\u00e1ch b\u1ea3o m\u1eadt: Ch\u00fang t\u00f4i c\u00f3 quy\u1ec1n c\u1eadp nh\u1eadt ho\u1eb7c s\u1eeda \u0111\u1ed5i Ch\u00ednh s\u00e1ch b\u1ea3o m\u1eadt n\u00e0y b\u1ea5t k\u1ef3 l\u00fac n\u00e0o. M\u1ecdi thay \u0111\u1ed5i s\u1ebd c\u00f3 hi\u1ec7u l\u1ef1c sau khi \u0111\u0103ng Ch\u00ednh s\u00e1ch b\u1ea3o m\u1eadt \u0111\u00e3 s\u1eeda \u0111\u1ed5i tr\u00ean Trang web c\u1ee7a ch\u00fang t\u00f4i. Ch\u00fang t\u00f4i khuy\u1ebfn kh\u00edch b\u1ea1n xem l\u1ea1i Ch\u00ednh s\u00e1ch b\u1ea3o m\u1eadt n\u00e0y \u0111\u1ecbnh k\u1ef3.<\/li>\n<li>Li\u00ean h\u1ec7 v\u1edbi ch\u00fang t\u00f4i: N\u1ebfu b\u1ea1n c\u00f3 b\u1ea5t k\u1ef3 c\u00e2u h\u1ecfi, m\u1ed1i quan t\u00e2m ho\u1eb7c y\u00eau c\u1ea7u n\u00e0o li\u00ean quan \u0111\u1ebfn Ch\u00ednh s\u00e1ch b\u1ea3o m\u1eadt n\u00e0y ho\u1eb7c vi\u1ec7c x\u1eed l\u00fd th\u00f4ng tin c\u00e1 nh\u00e2n c\u1ee7a b\u1ea1n, vui l\u00f2ng li\u00ean h\u1ec7 v\u1edbi ch\u00fang t\u00f4i theo \u0111\u1ecba ch\u1ec9 <a href=\"mailto:info@rck3688.com\">info@rck3688.com<\/a>.<\/li>\n<\/ol>\n<p>B\u1eb1ng c\u00e1ch s\u1eed d\u1ee5ng Trang web c\u1ee7a ch\u00fang t\u00f4i, b\u1ea1n x\u00e1c nh\u1eadn r\u1eb1ng b\u1ea1n \u0111\u00e3 \u0111\u1ecdc, hi\u1ec3u v\u00e0 \u0111\u1ed3ng \u00fd v\u1edbi c\u00e1c \u0111i\u1ec1u kho\u1ea3n c\u1ee7a Ch\u00ednh s\u00e1ch b\u1ea3o m\u1eadt n\u00e0y.<\/p>\n","protected":false},"excerpt":{"rendered":"<p>Ch\u00ednh s\u00e1ch b\u1ea3o m\u1eadt n\u00e0y gi\u1ea3i th\u00edch c\u00e1ch RCK INT&#8217;L INC (&#8220;ch\u00fang t\u00f4i&#8221;, &#8220;c\u1ee7a ch\u00fang t\u00f4i&#8221;) thu th\u1eadp, s\u1eed d\u1ee5ng, chia s\u1ebb v\u00e0 b\u1ea3o v\u1ec7 th\u00f4ng tin c\u00e1 nh\u00e2n thu \u0111\u01b0\u1ee3c t\u1eeb ng\u01b0\u1eddi d\u00f9ng (&#8220;b\u1ea1n&#8221; ho\u1eb7c &#8220;ng\u01b0\u1eddi d\u00f9ng&#8221;) c\u1ee7a trang web th\u01b0\u01a1ng m\u1ea1i \u0111i\u1ec7n t\u1eed c\u1ee7a ch\u00fang t\u00f4i (&#8220;Trang web&#8221;). B\u1ea3o v\u1ec7 quy\u1ec1n ri\u00eang t\u01b0 [&hellip;]<\/p>\n","protected":false},"author":1,"featured_media":0,"parent":0,"menu_order":0,"comment_status":"closed","ping_status":"open","template":"","meta":{"om_disable_all_campaigns":false,"footnotes":""},"class_list":["post-623","page","type-page","status-publish","hentry"],"aioseo_notices":[],"_links":{"self":[{"href":"https:\/\/rck3688.com\/vi\/wp-json\/wp\/v2\/pages\/623","targetHints":{"allow":["GET"]}}],"collection":[{"href":"https:\/\/rck3688.com\/vi\/wp-json\/wp\/v2\/pages"}],"about":[{"href":"https:\/\/rck3688.com\/vi\/wp-json\/wp\/v2\/types\/page"}],"author":[{"embeddable":true,"href":"https:\/\/rck3688.com\/vi\/wp-json\/wp\/v2\/users\/1"}],"replies":[{"embeddable":true,"href":"https:\/\/rck3688.com\/vi\/wp-json\/wp\/v2\/comments?post=623"}],"version-history":[{"count":0,"href":"https:\/\/rck3688.com\/vi\/wp-json\/wp\/v2\/pages\/623\/revisions"}],"wp:attachment":[{"href":"https:\/\/rck3688.com\/vi\/wp-json\/wp\/v2\/media?parent=623"}],"curies":[{"name":"wp","href":"https:\/\/api.w.org\/{rel}","templated":true}]}}